{"id":244,"date":"2024-03-11T10:41:22","date_gmt":"2024-03-11T10:41:22","guid":{"rendered":"https:\/\/castelogreen.com\/?page_id=244"},"modified":"2024-03-26T20:15:07","modified_gmt":"2024-03-26T20:15:07","slug":"blog","status":"publish","type":"page","link":"https:\/\/castelogreen.com\/pt\/blog\/","title":{"rendered":"O que pensamos"},"content":{"rendered":"<div data-elementor-type=\"wp-page\" data-elementor-id=\"244\" class=\"elementor elementor-244\" data-elementor-post-type=\"page\">\n\t\t\t\t<div data-particle_enable=\"false\" data-particle-mobile-disabled=\"false\" class=\"elementor-element elementor-element-fafc1d2 e-flex e-con-boxed e-con e-parent\" data-id=\"fafc1d2\" data-element_type=\"container\">\n\t\t\t\t\t<div class=\"e-con-inner\">\n\t\t\t\t<div class=\"elementor-element elementor-element-d9101fe elementor-widget elementor-widget-heading\" data-id=\"d9101fe\" data-element_type=\"widget\" data-widget_type=\"heading.default\">\n\t\t\t\t<div class=\"elementor-widget-container\">\n\t\t\t\t\t<h2 class=\"elementor-heading-title elementor-size-default\">O que pensamos<\/h2>\t\t\t\t<\/div>\n\t\t\t\t<\/div>\n\t\t\t\t<div class=\"elementor-element elementor-element-08b395e elementor-posts--align-center elementor-grid-3 elementor-grid-tablet-2 elementor-grid-mobile-1 elementor-posts--thumbnail-top elementor-widget elementor-widget-posts\" data-id=\"08b395e\" data-element_type=\"widget\" data-settings=\"{&quot;pagination_type&quot;:&quot;numbers&quot;,&quot;classic_columns&quot;:&quot;3&quot;,&quot;classic_columns_tablet&quot;:&quot;2&quot;,&quot;classic_columns_mobile&quot;:&quot;1&quot;,&quot;classic_row_gap&quot;:{&quot;unit&quot;:&quot;px&quot;,&quot;size&quot;:35,&quot;sizes&quot;:[]},&quot;classic_row_gap_tablet&quot;:{&quot;unit&quot;:&quot;px&quot;,&quot;size&quot;:&quot;&quot;,&quot;sizes&quot;:[]},&quot;classic_row_gap_mobile&quot;:{&quot;unit&quot;:&quot;px&quot;,&quot;size&quot;:&quot;&quot;,&quot;sizes&quot;:[]}}\" data-widget_type=\"posts.classic\">\n\t\t\t\t<div class=\"elementor-widget-container\">\n\t\t\t\t\t\t\t<div class=\"elementor-posts-container elementor-posts elementor-posts--skin-classic elementor-grid\">\n\t\t\t\t<article class=\"elementor-post elementor-grid-item post-863 post type-post status-publish format-standard has-post-thumbnail hentry category-uncategorized\">\n\t\t\t\t<a class=\"elementor-post__thumbnail__link\" href=\"https:\/\/castelogreen.com\/pt\/offer-and-onboarding-payback-for-building-strong-relationships-as-you-recruit\/\" tabindex=\"-1\" >\n\t\t\t<div class=\"elementor-post__thumbnail\"><img fetchpriority=\"high\" decoding=\"async\" width=\"300\" height=\"300\" src=\"https:\/\/castelogreen.com\/wp-content\/uploads\/2024\/04\/onboarding-and-relationship-building-300x300.webp\" class=\"attachment-medium size-medium wp-image-864\" alt=\"Onboarding new software engineer\" srcset=\"https:\/\/castelogreen.com\/wp-content\/uploads\/2024\/04\/onboarding-and-relationship-building-300x300.webp 300w, https:\/\/castelogreen.com\/wp-content\/uploads\/2024\/04\/onboarding-and-relationship-building-150x150.webp 150w, https:\/\/castelogreen.com\/wp-content\/uploads\/2024\/04\/onboarding-and-relationship-building-768x768.webp 768w, https:\/\/castelogreen.com\/wp-content\/uploads\/2024\/04\/onboarding-and-relationship-building.webp 1024w\" sizes=\"(max-width: 300px) 100vw, 300px\" \/><\/div>\n\t\t<\/a>\n\t\t\t\t<div class=\"elementor-post__text\">\n\t\t\t\t<h3 class=\"elementor-post__title\">\n\t\t\t<a href=\"https:\/\/castelogreen.com\/pt\/offer-and-onboarding-payback-for-building-strong-relationships-as-you-recruit\/\" >\n\t\t\t\tOferta e integra\u00e7\u00e3o: Retorno da cria\u00e7\u00e3o de rela\u00e7\u00f5es s\u00f3lidas durante o recrutamento\t\t\t<\/a>\n\t\t<\/h3>\n\t\t\t\t\t<div class=\"elementor-post__read-more-wrapper\">\n\t\t\n\t\t<a class=\"elementor-post__read-more\" href=\"https:\/\/castelogreen.com\/pt\/offer-and-onboarding-payback-for-building-strong-relationships-as-you-recruit\/\" aria-label=\"Ler mais sobre Oferta e integra\u00e7\u00e3o: Retribui\u00e7\u00e3o pela cria\u00e7\u00e3o de rela\u00e7\u00f5es fortes durante o recrutamento\" tabindex=\"-1\" >\n\t\t\tLer mais \"\t\t<\/a>\n\n\t\t\t\t\t<\/div>\n\t\t\t\t<\/div>\n\t\t\t\t<\/article>\n\t\t\t\t<article class=\"elementor-post elementor-grid-item post-831 post type-post status-publish format-standard has-post-thumbnail hentry category-uncategorized\">\n\t\t\t\t<a class=\"elementor-post__thumbnail__link\" href=\"https:\/\/castelogreen.com\/pt\/interviews-reinforcinging-relationships-as-you-recruit\/\" tabindex=\"-1\" >\n\t\t\t<div class=\"elementor-post__thumbnail\"><img decoding=\"async\" width=\"300\" height=\"300\" src=\"https:\/\/castelogreen.com\/wp-content\/uploads\/2024\/04\/interviews-and-relationships3-300x300.webp\" class=\"attachment-medium size-medium wp-image-833\" alt=\"software engineering interview with dogs\" srcset=\"https:\/\/castelogreen.com\/wp-content\/uploads\/2024\/04\/interviews-and-relationships3-300x300.webp 300w, https:\/\/castelogreen.com\/wp-content\/uploads\/2024\/04\/interviews-and-relationships3-150x150.webp 150w, https:\/\/castelogreen.com\/wp-content\/uploads\/2024\/04\/interviews-and-relationships3-768x768.webp 768w, https:\/\/castelogreen.com\/wp-content\/uploads\/2024\/04\/interviews-and-relationships3.webp 1024w\" sizes=\"(max-width: 300px) 100vw, 300px\" \/><\/div>\n\t\t<\/a>\n\t\t\t\t<div class=\"elementor-post__text\">\n\t\t\t\t<h3 class=\"elementor-post__title\">\n\t\t\t<a href=\"https:\/\/castelogreen.com\/pt\/interviews-reinforcinging-relationships-as-you-recruit\/\" >\n\t\t\t\tEntrevistas: Refor\u00e7ar a rela\u00e7\u00e3o durante o recrutamento\t\t\t<\/a>\n\t\t<\/h3>\n\t\t\t\t\t<div class=\"elementor-post__read-more-wrapper\">\n\t\t\n\t\t<a class=\"elementor-post__read-more\" href=\"https:\/\/castelogreen.com\/pt\/interviews-reinforcinging-relationships-as-you-recruit\/\" aria-label=\"Leia mais sobre Entrevistas: Refor\u00e7ar a rela\u00e7\u00e3o durante o recrutamento\" tabindex=\"-1\" >\n\t\t\tLer mais \"\t\t<\/a>\n\n\t\t\t\t\t<\/div>\n\t\t\t\t<\/div>\n\t\t\t\t<\/article>\n\t\t\t\t<article class=\"elementor-post elementor-grid-item post-348 post type-post status-publish format-standard has-post-thumbnail hentry category-hiring\">\n\t\t\t\t<a class=\"elementor-post__thumbnail__link\" href=\"https:\/\/castelogreen.com\/pt\/sourcing-and-screening-building-relationships-as-you-recruit\/\" tabindex=\"-1\" >\n\t\t\t<div class=\"elementor-post__thumbnail\"><img decoding=\"async\" width=\"300\" height=\"300\" src=\"https:\/\/castelogreen.com\/wp-content\/uploads\/2024\/03\/foto-post-1-300x300.jpg\" class=\"attachment-medium size-medium wp-image-556\" alt=\"Relationship building when recruiting software engineers: how to do it: part 1 - sourcing and screening\" srcset=\"https:\/\/castelogreen.com\/wp-content\/uploads\/2024\/03\/foto-post-1-300x300.jpg 300w, https:\/\/castelogreen.com\/wp-content\/uploads\/2024\/03\/foto-post-1-150x150.jpg 150w, https:\/\/castelogreen.com\/wp-content\/uploads\/2024\/03\/foto-post-1-768x768.jpg 768w, https:\/\/castelogreen.com\/wp-content\/uploads\/2024\/03\/foto-post-1.jpg 800w\" sizes=\"(max-width: 300px) 100vw, 300px\" \/><\/div>\n\t\t<\/a>\n\t\t\t\t<div class=\"elementor-post__text\">\n\t\t\t\t<h3 class=\"elementor-post__title\">\n\t\t\t<a href=\"https:\/\/castelogreen.com\/pt\/sourcing-and-screening-building-relationships-as-you-recruit\/\" >\n\t\t\t\tSourcing e triagem: Criar rela\u00e7\u00f5es \u00e0 medida que recruta\t\t\t<\/a>\n\t\t<\/h3>\n\t\t\t\t\t<div class=\"elementor-post__read-more-wrapper\">\n\t\t\n\t\t<a class=\"elementor-post__read-more\" href=\"https:\/\/castelogreen.com\/pt\/sourcing-and-screening-building-relationships-as-you-recruit\/\" aria-label=\"Ler mais sobre Sourcing and Screening: Criar rela\u00e7\u00f5es \u00e0 medida que recruta\" tabindex=\"-1\" >\n\t\t\tLer mais \"\t\t<\/a>\n\n\t\t\t\t\t<\/div>\n\t\t\t\t<\/div>\n\t\t\t\t<\/article>\n\t\t\t\t<article class=\"elementor-post elementor-grid-item post-344 post type-post status-publish format-standard has-post-thumbnail hentry category-hiring\">\n\t\t\t\t<a class=\"elementor-post__thumbnail__link\" href=\"https:\/\/castelogreen.com\/pt\/relationship-building-key-to-software-engineering-recruitment\/\" tabindex=\"-1\" >\n\t\t\t<div class=\"elementor-post__thumbnail\"><img loading=\"lazy\" decoding=\"async\" width=\"300\" height=\"300\" src=\"https:\/\/castelogreen.com\/wp-content\/uploads\/2024\/03\/foto-post-3-300x300.jpg\" class=\"attachment-medium size-medium wp-image-559\" alt=\"Relationship building: key to software engineering recruitment\" srcset=\"https:\/\/castelogreen.com\/wp-content\/uploads\/2024\/03\/foto-post-3-300x300.jpg 300w, https:\/\/castelogreen.com\/wp-content\/uploads\/2024\/03\/foto-post-3-150x150.jpg 150w, https:\/\/castelogreen.com\/wp-content\/uploads\/2024\/03\/foto-post-3-768x768.jpg 768w, https:\/\/castelogreen.com\/wp-content\/uploads\/2024\/03\/foto-post-3.jpg 800w\" sizes=\"(max-width: 300px) 100vw, 300px\" \/><\/div>\n\t\t<\/a>\n\t\t\t\t<div class=\"elementor-post__text\">\n\t\t\t\t<h3 class=\"elementor-post__title\">\n\t\t\t<a href=\"https:\/\/castelogreen.com\/pt\/relationship-building-key-to-software-engineering-recruitment\/\" >\n\t\t\t\tConstru\u00e7\u00e3o de rela\u00e7\u00f5es: a chave para o recrutamento de engenheiros de software\t\t\t<\/a>\n\t\t<\/h3>\n\t\t\t\t\t<div class=\"elementor-post__read-more-wrapper\">\n\t\t\n\t\t<a class=\"elementor-post__read-more\" href=\"https:\/\/castelogreen.com\/pt\/relationship-building-key-to-software-engineering-recruitment\/\" aria-label=\"Read more about Relationship building: key to software engineering recruitment\" tabindex=\"-1\" >\n\t\t\tLer mais \"\t\t<\/a>\n\n\t\t\t\t\t<\/div>\n\t\t\t\t<\/div>\n\t\t\t\t<\/article>\n\t\t\t\t<article class=\"elementor-post elementor-grid-item post-340 post type-post status-publish format-standard has-post-thumbnail hentry category-hiring\">\n\t\t\t\t<a class=\"elementor-post__thumbnail__link\" href=\"https:\/\/castelogreen.com\/pt\/the-power-of-passive-candidates\/\" tabindex=\"-1\" >\n\t\t\t<div class=\"elementor-post__thumbnail\"><img loading=\"lazy\" decoding=\"async\" width=\"300\" height=\"300\" src=\"https:\/\/castelogreen.com\/wp-content\/uploads\/2024\/03\/foto-post-2-300x300.jpg\" class=\"attachment-medium size-medium wp-image-557\" alt=\"The Power of Passive Candidates\" srcset=\"https:\/\/castelogreen.com\/wp-content\/uploads\/2024\/03\/foto-post-2-300x300.jpg 300w, https:\/\/castelogreen.com\/wp-content\/uploads\/2024\/03\/foto-post-2-150x150.jpg 150w, https:\/\/castelogreen.com\/wp-content\/uploads\/2024\/03\/foto-post-2-768x768.jpg 768w, https:\/\/castelogreen.com\/wp-content\/uploads\/2024\/03\/foto-post-2.jpg 800w\" sizes=\"(max-width: 300px) 100vw, 300px\" \/><\/div>\n\t\t<\/a>\n\t\t\t\t<div class=\"elementor-post__text\">\n\t\t\t\t<h3 class=\"elementor-post__title\">\n\t\t\t<a href=\"https:\/\/castelogreen.com\/pt\/the-power-of-passive-candidates\/\" >\n\t\t\t\tO poder dos candidatos passivos\t\t\t<\/a>\n\t\t<\/h3>\n\t\t\t\t\t<div class=\"elementor-post__read-more-wrapper\">\n\t\t\n\t\t<a class=\"elementor-post__read-more\" href=\"https:\/\/castelogreen.com\/pt\/the-power-of-passive-candidates\/\" aria-label=\"Read more about The Power of Passive Candidates\" tabindex=\"-1\" >\n\t\t\tLer mais \"\t\t<\/a>\n\n\t\t\t\t\t<\/div>\n\t\t\t\t<\/div>\n\t\t\t\t<\/article>\n\t\t\t\t<\/div>\n\t\t\n\t\t\t\t\t\t<\/div>\n\t\t\t\t<\/div>\n\t\t\t\t\t<\/div>\n\t\t\t\t<\/div>\n\t\t\t\t<\/div>","protected":false},"excerpt":{"rendered":"<p>O que pensamos<\/p>","protected":false},"author":2,"featured_media":0,"parent":0,"menu_order":0,"comment_status":"closed","ping_status":"closed","template":"elementor_header_footer","meta":{"inline_featured_image":false,"footnotes":""},"class_list":["post-244","page","type-page","status-publish","hentry"],"yoast_head":"<!-- This site is optimized with the Yoast SEO plugin v25.0 - https:\/\/yoast.com\/wordpress\/plugins\/seo\/ -->\n<title>What We Think - Castelo Green<\/title>\n<meta name=\"robots\" content=\"index, follow, max-snippet:-1, max-image-preview:large, max-video-preview:-1\" \/>\n<link rel=\"canonical\" href=\"https:\/\/castelogreen.com\/pt\/blog\/\" \/>\n<meta property=\"og:locale\" content=\"pt_PT\" \/>\n<meta property=\"og:type\" content=\"article\" \/>\n<meta property=\"og:title\" content=\"What We Think - Castelo Green\" \/>\n<meta property=\"og:description\" content=\"What we think\" \/>\n<meta property=\"og:url\" content=\"https:\/\/castelogreen.com\/pt\/blog\/\" \/>\n<meta property=\"og:site_name\" content=\"Castelo Green\" \/>\n<meta property=\"article:modified_time\" content=\"2024-03-26T20:15:07+00:00\" \/>\n<meta name=\"twitter:card\" content=\"summary_large_image\" \/>\n<meta name=\"twitter:label1\" content=\"Tempo estimado de leitura\" \/>\n\t<meta name=\"twitter:data1\" content=\"1 minuto\" \/>\n<script type=\"application\/ld+json\" class=\"yoast-schema-graph\">{\"@context\":\"https:\/\/schema.org\",\"@graph\":[{\"@type\":\"WebPage\",\"@id\":\"https:\/\/castelogreen.com\/pt\/blog\/\",\"url\":\"https:\/\/castelogreen.com\/pt\/blog\/\",\"name\":\"What We Think - Castelo Green\",\"isPartOf\":{\"@id\":\"https:\/\/castelogreen.com\/pt\/#website\"},\"datePublished\":\"2024-03-11T10:41:22+00:00\",\"dateModified\":\"2024-03-26T20:15:07+00:00\",\"breadcrumb\":{\"@id\":\"https:\/\/castelogreen.com\/pt\/blog\/#breadcrumb\"},\"inLanguage\":\"pt-PT\",\"potentialAction\":[{\"@type\":\"ReadAction\",\"target\":[\"https:\/\/castelogreen.com\/pt\/blog\/\"]}]},{\"@type\":\"BreadcrumbList\",\"@id\":\"https:\/\/castelogreen.com\/pt\/blog\/#breadcrumb\",\"itemListElement\":[{\"@type\":\"ListItem\",\"position\":1,\"name\":\"Home\",\"item\":\"https:\/\/castelogreen.com\/\"},{\"@type\":\"ListItem\",\"position\":2,\"name\":\"What We Think\"}]},{\"@type\":\"WebSite\",\"@id\":\"https:\/\/castelogreen.com\/pt\/#website\",\"url\":\"https:\/\/castelogreen.com\/pt\/\",\"name\":\"Castelo Green\",\"description\":\"Better Hiring, Stronger Teams\",\"potentialAction\":[{\"@type\":\"SearchAction\",\"target\":{\"@type\":\"EntryPoint\",\"urlTemplate\":\"https:\/\/castelogreen.com\/pt\/?s={search_term_string}\"},\"query-input\":{\"@type\":\"PropertyValueSpecification\",\"valueRequired\":true,\"valueName\":\"search_term_string\"}}],\"inLanguage\":\"pt-PT\"}]}<\/script>\n<!-- \/ Yoast SEO plugin. -->","yoast_head_json":{"title":"What We Think - Castelo Green","robots":{"index":"index","follow":"follow","max-snippet":"max-snippet:-1","max-image-preview":"max-image-preview:large","max-video-preview":"max-video-preview:-1"},"canonical":"https:\/\/castelogreen.com\/pt\/blog\/","og_locale":"pt_PT","og_type":"article","og_title":"What We Think - Castelo Green","og_description":"What we think","og_url":"https:\/\/castelogreen.com\/pt\/blog\/","og_site_name":"Castelo Green","article_modified_time":"2024-03-26T20:15:07+00:00","twitter_card":"summary_large_image","twitter_misc":{"Tempo estimado de leitura":"1 minuto"},"schema":{"@context":"https:\/\/schema.org","@graph":[{"@type":"WebPage","@id":"https:\/\/castelogreen.com\/pt\/blog\/","url":"https:\/\/castelogreen.com\/pt\/blog\/","name":"What We Think - Castelo Green","isPartOf":{"@id":"https:\/\/castelogreen.com\/pt\/#website"},"datePublished":"2024-03-11T10:41:22+00:00","dateModified":"2024-03-26T20:15:07+00:00","breadcrumb":{"@id":"https:\/\/castelogreen.com\/pt\/blog\/#breadcrumb"},"inLanguage":"pt-PT","potentialAction":[{"@type":"ReadAction","target":["https:\/\/castelogreen.com\/pt\/blog\/"]}]},{"@type":"BreadcrumbList","@id":"https:\/\/castelogreen.com\/pt\/blog\/#breadcrumb","itemListElement":[{"@type":"ListItem","position":1,"name":"Home","item":"https:\/\/castelogreen.com\/"},{"@type":"ListItem","position":2,"name":"What We Think"}]},{"@type":"WebSite","@id":"https:\/\/castelogreen.com\/pt\/#website","url":"https:\/\/castelogreen.com\/pt\/","name":"Castelo Green","description":"Better Hiring, Stronger Teams","potentialAction":[{"@type":"SearchAction","target":{"@type":"EntryPoint","urlTemplate":"https:\/\/castelogreen.com\/pt\/?s={search_term_string}"},"query-input":{"@type":"PropertyValueSpecification","valueRequired":true,"valueName":"search_term_string"}}],"inLanguage":"pt-PT"}]}},"_links":{"self":[{"href":"https:\/\/castelogreen.com\/pt\/wp-json\/wp\/v2\/pages\/244","targetHints":{"allow":["GET"]}}],"collection":[{"href":"https:\/\/castelogreen.com\/pt\/wp-json\/wp\/v2\/pages"}],"about":[{"href":"https:\/\/castelogreen.com\/pt\/wp-json\/wp\/v2\/types\/page"}],"author":[{"embeddable":true,"href":"https:\/\/castelogreen.com\/pt\/wp-json\/wp\/v2\/users\/2"}],"replies":[{"embeddable":true,"href":"https:\/\/castelogreen.com\/pt\/wp-json\/wp\/v2\/comments?post=244"}],"version-history":[{"count":5,"href":"https:\/\/castelogreen.com\/pt\/wp-json\/wp\/v2\/pages\/244\/revisions"}],"predecessor-version":[{"id":734,"href":"https:\/\/castelogreen.com\/pt\/wp-json\/wp\/v2\/pages\/244\/revisions\/734"}],"wp:attachment":[{"href":"https:\/\/castelogreen.com\/pt\/wp-json\/wp\/v2\/media?parent=244"}],"curies":[{"name":"wp","href":"https:\/\/api.w.org\/{rel}","templated":true}]}}